{"id":327,"date":"2018-04-04T11:22:36","date_gmt":"2018-04-04T09:22:36","guid":{"rendered":"http:\/\/industry.vimex.eu\/impressum\/"},"modified":"2022-11-16T13:32:18","modified_gmt":"2022-11-16T12:32:18","slug":"impressum","status":"publish","type":"page","link":"https:\/\/industry.vimex.eu\/de\/impressum\/","title":{"rendered":"IMPRESSUM"},"content":{"rendered":"<p>[vc_row type=&#8220;full-width-section&#8220; css=&#8220;.vc_custom_1522852523986{padding-top: 20px !important;padding-bottom: 20px !important;background-image: url(http:\/\/industry.vimex.eu\/wp-content\/uploads\/2018\/04\/title-bar.jpg?id=87) !important;}&#8220;][vc_column][vc_column_text css=&#8220;.vc_custom_1524550356966{margin-bottom: 0px !important;padding-top: 15px !important;padding-bottom: 20px !important;}&#8220;]<\/p>\n<h2><span style=\"color: #ffffff;\">Impressum<\/span><\/h2>\n<p>[\/vc_column_text][\/vc_column][\/vc_row][vc_row css=&#8220;.vc_custom_1523450682722{padding-top: 20px !important;padding-bottom: 20px !important;}&#8220;][vc_column width=&#8220;1\/2&#8243; css=&#8220;.vc_custom_1523351602491{border-right-width: 1px !important;border-right-color: rgba(0,0,0,0.06) !important;border-right-style: solid !important;}&#8220;][vc_column_text css=&#8220;.vc_custom_1524811128786{margin-bottom: 20px !important;padding-bottom: 0px !important;}&#8220;]Stammsitz:[\/vc_column_text]<div class=\"aio-icon-component  vc_custom_1524550703806   style_1\"><a class=\"aio-icon-box-link\" href=\"https:\/\/www.google.pl\/maps\/place\/Vimex+Sp.+z+o.o.\/@50.2751054,18.6690471,17z\/data=!4m13!1m7!3m6!1s0x471131221afa1c01:0xc3dc3e0b872538!2sToru%C5%84ska+27,+44-122+Gliwice!3b1!8m2!3d50.2751054!4d18.6712358!3m4!1s0x471130f9835ab2f3:0x3916bc1d593fcd57!8m2!3d50.275105!4d18.671236\" ><div id=\"Info-box-wrap-8922\" class=\"aio-icon-box left-icon\" style=\"\"  ><div class=\"aio-icon-left\"><div class=\"ult-just-icon-wrapper  \"><div class=\"align-icon\" style=\"text-align:center;\">\n<div class=\"aio-icon none \"  style=\"color:#2b6386;font-size:20px;display:inline-block;\">\n\t<i class=\"Defaults-map-marker\"><\/i>\n<\/div><\/div><\/div><\/div><div class=\"aio-ibd-block\"><div class=\"aio-icon-description ult-responsive\"  data-ultimate-target='#Info-box-wrap-8922 .aio-icon-description'  data-responsive-json-new='{\"font-size\":\"\",\"line-height\":\"\"}'  style=\"\"><span style=\"color: #000000;\">Vimex Sp. z o.o.<\/span><br \/>\n<span style=\"color: #000000;\">ul. Toru\u0144ska 27<\/span><br \/>\n<span style=\"color: #000000;\">PL 44-122 Gliwice<\/span><\/p>\n<p><\/div> <!-- description --><\/div> <!-- aio-ibd-block --><\/div> <!-- aio-icon-box --><\/a><\/div> <!-- aio-icon-component --><div class=\"aio-icon-component  vc_custom_1524811136224   style_1\"><a class=\"aio-icon-box-link\" href=\"tel:0048322308682\" ><div id=\"Info-box-wrap-2275\" class=\"aio-icon-box left-icon\" style=\"\"  ><div class=\"aio-icon-left\"><div class=\"ult-just-icon-wrapper  \"><div class=\"align-icon\" style=\"text-align:center;\">\n<div class=\"aio-icon none \"  style=\"color:#2b6386;font-size:20px;display:inline-block;\">\n\t<i class=\"Defaults-phone\"><\/i>\n<\/div><\/div><\/div><\/div><div class=\"aio-ibd-block\"><div class=\"aio-icon-description ult-responsive\"  data-ultimate-target='#Info-box-wrap-2275 .aio-icon-description'  data-responsive-json-new='{\"font-size\":\"\",\"line-height\":\"\"}'  style=\"\"><span style=\"color: #000000;\">Tel: +48 32 230 86 82<\/span><\/div> <!-- description --><\/div> <!-- aio-ibd-block --><\/div> <!-- aio-icon-box --><\/a><\/div> <!-- aio-icon-component --><div class=\"aio-icon-component  vc_custom_1523450495044   style_1\"><div id=\"Info-box-wrap-1849\" class=\"aio-icon-box left-icon\" style=\"\"  ><div class=\"aio-icon-left\"><div class=\"ult-just-icon-wrapper  \"><div class=\"align-icon\" style=\"text-align:center;\">\n<div class=\"aio-icon none \"  style=\"color:#2b6386;font-size:20px;display:inline-block;\">\n\t<i class=\"Defaults-fax\"><\/i>\n<\/div><\/div><\/div><\/div><div class=\"aio-ibd-block\"><div class=\"aio-icon-description ult-responsive\"  data-ultimate-target='#Info-box-wrap-1849 .aio-icon-description'  data-responsive-json-new='{\"font-size\":\"\",\"line-height\":\"\"}'  style=\"\">Fax.:+48 32 230 86 83<\/div> <!-- description --><\/div> <!-- aio-ibd-block --><\/div> <!-- aio-icon-box --><\/div> <!-- aio-icon-component --><div class=\"aio-icon-component  vc_custom_1523527573962   style_1\"><a class=\"aio-icon-box-link\" href=\"mailto:office@vimex.eu\" ><div id=\"Info-box-wrap-1662\" class=\"aio-icon-box left-icon\" style=\"\"  ><div class=\"aio-icon-left\"><div class=\"ult-just-icon-wrapper  \"><div class=\"align-icon\" style=\"text-align:center;\">\n<div class=\"aio-icon none \"  style=\"color:#2b6386;font-size:20px;display:inline-block;\">\n\t<i class=\"Defaults-envelope\"><\/i>\n<\/div><\/div><\/div><\/div><div class=\"aio-ibd-block\"><div class=\"aio-icon-description ult-responsive\"  data-ultimate-target='#Info-box-wrap-1662 .aio-icon-description'  data-responsive-json-new='{\"font-size\":\"\",\"line-height\":\"\"}'  style=\"\"><span style=\"color: #000000;\">E-mail: office@vimex.eu<\/span><\/div> <!-- description --><\/div> <!-- aio-ibd-block --><\/div> <!-- aio-icon-box --><\/a><\/div> <!-- aio-icon-component --><div class=\"aio-icon-component  vc_custom_1536834731686   style_1\"><div id=\"Info-box-wrap-9288\" class=\"aio-icon-box left-icon\" style=\"\"  ><div class=\"aio-icon-left\"><div class=\"ult-just-icon-wrapper  \"><div class=\"align-icon\" style=\"text-align:center;\">\n<div class=\"aio-icon none \"  style=\"color:#2b6386;font-size:20px;display:inline-block;\">\n\t<i class=\"Defaults-list-alt\"><\/i>\n<\/div><\/div><\/div><\/div><div class=\"aio-ibd-block\"><div class=\"aio-icon-description ult-responsive\"  data-ultimate-target='#Info-box-wrap-9288 .aio-icon-description'  data-responsive-json-new='{\"font-size\":\"\",\"line-height\":\"\"}'  style=\"\"><\/p>\n<p style=\"text-align: left; padding-bottom: 10px;\">Vimex Sp. z o.o. mit Sitz in Gliwice, ul. Toru\u0144ska 27 eingetragen im Unternehmerregister des Landesgerichtsregisters (KRS) beim Amtsgericht in Gliwice, X. Wirtschaftsabteilung des KRS<\/p>\n<p style=\"text-align: left; padding-bottom: 10px;\">KRS: 0000118908<br \/>\nUst.-Nr. (NIP): 642-21-81-613<br \/>\nEU Ust.-Nr. ( NIP EU ): PL 642-21-81-613<br \/>\nStatistik-ID (REGON): 277735474<br \/>\nNr. der Umweltschutzbeh\u00f6rde (BDO): 000004769<br \/>\nStammkapital: 365 000,00 PLN<\/p>\n<p style=\"text-align: left; padding-bottom: 10px;\">Bankverbindungen:<\/p>\n<p style=\"text-align: left; padding-bottom: 10px;\">Santander Bank Polska S.A.<br \/>\nPLN: 41 1090 1766 0000 0001 1969 2863<br \/>\nEUR: 91 1090 1766 0000 0001 1969 6619<br \/>\nUSD: 14 1090 1766 0000 0001 2199 2249<br \/>\nBIC (SWIFT-Code): WBKPPLPP<\/p>\n<p style=\"text-align: left; padding-bottom: 10px;\">ING Bank Slaski S.A.<br \/>\nPLN: 87 1050 1243 1000 0023 4323 7190<br \/>\nEUR: 95 1050 1243 1000 0090 6952 3372<br \/>\nUSD: 60 1050 1298 1000 0024 1989 4239<br \/>\nBIC (SWIFT-Code): INGBPLPW<\/p>\n<p><\/div> <!-- description --><\/div> <!-- aio-ibd-block --><\/div> <!-- aio-icon-box --><\/div> <!-- aio-icon-component -->[\/vc_column][vc_column width=&#8220;1\/2&#8243;][vc_row_inner css=&#8220;.vc_custom_1523526849202{margin-top: 0px !important;margin-bottom: 0px !important;padding-top: 0px !important;padding-bottom: 0px !important;}&#8220;][vc_column_inner css=&#8220;.vc_custom_1523526861014{margin-top: 0px !important;margin-bottom: 0px !important;padding-top: 0px !important;padding-bottom: 0px !important;}&#8220; offset=&#8220;vc_hidden-lg vc_hidden-md vc_hidden-sm&#8220;]<style type=\"text\/css\" >#l_j5xnfcbf4nm3mbq7zn9j.sc_line ,#l_j5xnfcbf4nm3mbq7zn9j .sc_line { height:1px; background:#ebebeb;}#l_j5xnfcbf4nm3mbq7zn9j.sc_line ,#l_j5xnfcbf4nm3mbq7zn9j .sc_line{margin-left:auto!important; margin-right:auto!important;}#l_j5xnfcbf4nm3mbq7zn9j {margin:10px 0 30px 0; padding:0;}<\/style><div class=\"clearfix\"><\/div><div id=\"l_j5xnfcbf4nm3mbq7zn9j\"  class=\"sc_line rd_line_normal\" ><\/div>[\/vc_column_inner][\/vc_row_inner][vc_column_text css=&#8220;.vc_custom_1524551641544{margin-bottom: 20px !important;padding-bottom: 0px !important;}&#8220;]Zweigniederlassung Deutschland: [\/vc_column_text]<div class=\"aio-icon-component  vc_custom_1524551328324   style_1\"><a class=\"aio-icon-box-link\" href=\"https:\/\/www.google.pl\/maps\/place\/Hammfelddamm+10,+41460+Neuss,+Niemcy\/@51.1954806,6.7100565,17z\/data=!3m1!4b1!4m5!3m4!1s0x47b8b50a6912a3af:0x2501881fe7893c2d!8m2!3d51.1954806!4d6.7122452\" ><div id=\"Info-box-wrap-7931\" class=\"aio-icon-box left-icon\" style=\"\"  ><div class=\"aio-icon-left\"><div class=\"ult-just-icon-wrapper  \"><div class=\"align-icon\" style=\"text-align:center;\">\n<div class=\"aio-icon none \"  style=\"color:#2b6386;font-size:20px;display:inline-block;\">\n\t<i class=\"Defaults-map-marker\"><\/i>\n<\/div><\/div><\/div><\/div><div class=\"aio-ibd-block\"><div class=\"aio-icon-description ult-responsive\"  data-ultimate-target='#Info-box-wrap-7931 .aio-icon-description'  data-responsive-json-new='{\"font-size\":\"\",\"line-height\":\"\"}'  style=\"\"><span style=\"color: #000000;\">Vimex Sp. z o.o.<\/span><br \/>\n<span style=\"color: #000000;\">Branch Office Germany<\/span><br \/>\n<span style=\"color: #000000;\">Hammfelddamm 10,<\/span><br \/>\n<span style=\"color: #000000;\">DE 41460 Neuss<\/span><\/div> <!-- description --><\/div> <!-- aio-ibd-block --><\/div> <!-- aio-icon-box --><\/a><\/div> <!-- aio-icon-component --><div class=\"aio-icon-component  vc_custom_1524551357124   style_1\"><a class=\"aio-icon-box-link\" href=\"tel:004921313652980\" ><div id=\"Info-box-wrap-8574\" class=\"aio-icon-box left-icon\" style=\"\"  ><div class=\"aio-icon-left\"><div class=\"ult-just-icon-wrapper  \"><div class=\"align-icon\" style=\"text-align:center;\">\n<div class=\"aio-icon none \"  style=\"color:#2b6386;font-size:20px;display:inline-block;\">\n\t<i class=\"Defaults-phone\"><\/i>\n<\/div><\/div><\/div><\/div><div class=\"aio-ibd-block\"><div class=\"aio-icon-description ult-responsive\"  data-ultimate-target='#Info-box-wrap-8574 .aio-icon-description'  data-responsive-json-new='{\"font-size\":\"\",\"line-height\":\"\"}'  style=\"\"><span style=\"color: #000000;\">Tel: +49 2131 3652980 -81<\/span><\/div> <!-- description --><\/div> <!-- aio-ibd-block --><\/div> <!-- aio-icon-box --><\/a><\/div> <!-- aio-icon-component --><div class=\"aio-icon-component  vc_custom_1668602043819   style_1\"><div id=\"Info-box-wrap-8805\" class=\"aio-icon-box left-icon\" style=\"\"  ><div class=\"aio-icon-left\"><div class=\"ult-just-icon-wrapper  \"><div class=\"align-icon\" style=\"text-align:center;\">\n<div class=\"aio-icon none \"  style=\"color:#2b6386;font-size:20px;display:inline-block;\">\n\t<i class=\"Defaults-fax\"><\/i>\n<\/div><\/div><\/div><\/div><div class=\"aio-ibd-block\"><div class=\"aio-icon-description ult-responsive\"  data-ultimate-target='#Info-box-wrap-8805 .aio-icon-description'  data-responsive-json-new='{\"font-size\":\"\",\"line-height\":\"\"}'  style=\"\">Fax.:+48 32 230 86 83<\/div> <!-- description --><\/div> <!-- aio-ibd-block --><\/div> <!-- aio-icon-box --><\/div> <!-- aio-icon-component --><div class=\"aio-icon-component  vc_custom_1668601957338   style_1\"><a class=\"aio-icon-box-link\" href=\"mailto:office@vimex.eu\" ><div id=\"Info-box-wrap-2091\" class=\"aio-icon-box left-icon\" style=\"\"  ><div class=\"aio-icon-left\"><div class=\"ult-just-icon-wrapper  \"><div class=\"align-icon\" style=\"text-align:center;\">\n<div class=\"aio-icon none \"  style=\"color:#2b6386;font-size:20px;display:inline-block;\">\n\t<i class=\"Defaults-envelope\"><\/i>\n<\/div><\/div><\/div><\/div><div class=\"aio-ibd-block\"><div class=\"aio-icon-description ult-responsive\"  data-ultimate-target='#Info-box-wrap-2091 .aio-icon-description'  data-responsive-json-new='{\"font-size\":\"\",\"line-height\":\"\"}'  style=\"\"><span style=\"color: #000000;\">E-mail: info@vimex.eu<\/span><\/div> <!-- description --><\/div> <!-- aio-ibd-block --><\/div> <!-- aio-icon-box --><\/a><\/div> <!-- aio-icon-component --><div class=\"aio-icon-component  vc_custom_1536841783344   style_1\"><div id=\"Info-box-wrap-1084\" class=\"aio-icon-box left-icon\" style=\"\"  ><div class=\"aio-icon-left\"><div class=\"ult-just-icon-wrapper  \"><div class=\"align-icon\" style=\"text-align:center;\">\n<div class=\"aio-icon none \"  style=\"color:#2b6386;font-size:20px;display:inline-block;\">\n\t<i class=\"Defaults-list-alt\"><\/i>\n<\/div><\/div><\/div><\/div><div class=\"aio-ibd-block\"><div class=\"aio-icon-description ult-responsive\"  data-ultimate-target='#Info-box-wrap-1084 .aio-icon-description'  data-responsive-json-new='{\"font-size\":\"\",\"line-height\":\"\"}'  style=\"\">EU USt.-ID-Nr. : DE236283316<br \/>\nDE Ust.-Nr.: 111\/134\/40432<\/p>\n<p>Eintragung im Handelsregister in Neuss HRB 19729<\/p>\n<p>Bankverbindung:<\/p>\n<p>Deutsche Bank AG, Filiale Duisburg<br \/>\nEUR: DE12 3507 0024 0300 1443 00<br \/>\nBIC (SWIFT-Code): DEUTDEDB350<\/div> <!-- description --><\/div> <!-- aio-ibd-block --><\/div> <!-- aio-icon-box --><\/div> <!-- aio-icon-component -->[\/vc_column][\/vc_row][vc_row][vc_column][vc_column_text]<\/p>\n<p style=\"text-align: justify;\"><strong>Urheberrecht<\/strong><\/p>\n<p style=\"text-align: justify;\">Der Inhalt und die Struktur der Webseiten sind urheberrechtlich gesch\u00fctzt. Die Vervielf\u00e4ltigung von Informationen oder Daten, insbesondere die Verwendung von Texten, Textteilen oder Bildmaterial bedarf der vorherigen Zustimmung der Vimex sp. z o.o. Das vollst\u00e4ndige oder teilweise Reproduzieren, Verbreiten, \u00dcbermitteln, Modifizieren oder Benutzen dieser Webseite (elektronisch oder auf andere Weise) f\u00fcr \u00f6ffentliche oder kommerzielle Zwecke ist ohne vorherige Zustimmung der Vimex sp. z o.o. untersagt. Durch die Webseite wird insbesondere keine Lizenz zur Nutzung des geistigen Eigentums der Vimex Sp. z o.o.<\/p>\n<p>[\/vc_column_text][\/vc_column][\/vc_row][vc_row][vc_column][vc_single_image image=&#8220;79&#8243; img_size=&#8220;full&#8220; alignment=&#8220;center&#8220; css=&#8220;.vc_custom_1522849506424{margin-bottom: 0px !important;}&#8220;][vc_column_text]<\/p>\n<h4 style=\"text-align: center;\">Projekt wsp\u00f3\u0142finansowany przez Uni\u0119 Europejsk\u0105 z Europejskiego FunduszuRozwoju Regionalnego w ramach Regionalnego<br \/>\nProgramu Operacyjnego Wojew\u00f3dztwa \u015al\u0105skiego na lata 2007-2013<\/h4>\n<p>[\/vc_column_text][\/vc_column][\/vc_row]<\/p>\n","protected":false},"excerpt":{"rendered":"<p>[vc_row type=&#8220;full-width-section&#8220; css=&#8220;.vc_custom_1522852523986{padding-top: 20px !important;padding-bottom: 20px !important;background-image: url(http:\/\/industry.vimex.eu\/wp-content\/uploads\/2018\/04\/title-bar.jpg?id=87) !important;}&#8220;][vc_column][vc_column_text css=&#8220;.vc_custom_1524550356966{margin-bottom: 0px !important;padding-top: 15px !important;padding-bottom: 20px !important;}&#8220;] Impressum [\/vc_column_text][\/vc_column][\/vc_row][vc_row css=&#8220;.vc_custom_1523450682722{padding-top: 20px !important;padding-bottom: 20px !important;}&#8220;][vc_column width=&#8220;1\/2&#8243; css=&#8220;.vc_custom_1523351602491{border-right-width: 1px !important;border-right-color: rgba(0,0,0,0.06) !important;border-right-style: solid !important;}&#8220;][vc_column_text css=&#8220;.vc_custom_1524811128786{margin-bottom: 20px !important;padding-bottom: 0px !important;}&#8220;]Stammsitz:[\/vc_column_text] Vimex Sp. z o.o. ul. Toru\u0144ska 27 PL 44-122 Gliwice Tel: +48 32 230 86 82 Fax.:+48 32 230<br \/><a href=\"https:\/\/industry.vimex.eu\/de\/impressum\/\" class=\"more\">Read more<\/a><\/p>\n","protected":false},"author":7,"featured_media":0,"parent":0,"menu_order":0,"comment_status":"closed","ping_status":"closed","template":"","meta":[],"_links":{"self":[{"href":"https:\/\/industry.vimex.eu\/de\/wp-json\/wp\/v2\/pages\/327"}],"collection":[{"href":"https:\/\/industry.vimex.eu\/de\/wp-json\/wp\/v2\/pages"}],"about":[{"href":"https:\/\/industry.vimex.eu\/de\/wp-json\/wp\/v2\/types\/page"}],"author":[{"embeddable":true,"href":"https:\/\/industry.vimex.eu\/de\/wp-json\/wp\/v2\/users\/7"}],"replies":[{"embeddable":true,"href":"https:\/\/industry.vimex.eu\/de\/wp-json\/wp\/v2\/comments?post=327"}],"version-history":[{"count":25,"href":"https:\/\/industry.vimex.eu\/de\/wp-json\/wp\/v2\/pages\/327\/revisions"}],"predecessor-version":[{"id":922,"href":"https:\/\/industry.vimex.eu\/de\/wp-json\/wp\/v2\/pages\/327\/revisions\/922"}],"wp:attachment":[{"href":"https:\/\/industry.vimex.eu\/de\/wp-json\/wp\/v2\/media?parent=327"}],"curies":[{"name":"wp","href":"https:\/\/api.w.org\/{rel}","templated":true}]}}