{"id":203,"date":"2018-04-04T11:22:02","date_gmt":"2018-04-04T09:22:02","guid":{"rendered":"http:\/\/industry.vimex.eu\/o-firmie\/"},"modified":"2018-05-14T08:34:53","modified_gmt":"2018-05-14T06:34:53","slug":"ueber-uns","status":"publish","type":"page","link":"https:\/\/industry.vimex.eu\/de\/ueber-uns\/","title":{"rendered":"\u00dcBER UNS"},"content":{"rendered":"<p>[vc_row type=&#8220;full-width-section&#8220; css=&#8220;.vc_custom_1524662457220{padding-top: 40px !important;padding-bottom: 20px !important;background-image: url(http:\/\/industry.vimex.eu\/wp-content\/uploads\/2018\/04\/title-bar.jpg?id=87) !important;}&#8220;][vc_column][vc_column_text css=&#8220;.vc_custom_1524662655186{margin-bottom: 0px !important;padding-bottom: 20px !important;}&#8220;]<\/p>\n<h2><span style=\"color: #ffffff;\">\u00dcber uns<\/span><\/h2>\n<p>[\/vc_column_text][\/vc_column][\/vc_row][vc_row][vc_column][vc_column_text css=&#8220;.vc_custom_1526279690808{padding-top: 20px !important;}&#8220;]<\/p>\n<p style=\"text-align: center; text-transform: uppercase;\"><span style=\"color: #2b6386;\"><strong>Sehr geehrte Damen und Herren,<\/strong><\/span><\/p>\n<p style=\"text-align: justify;\">Seit fast 20 Jahren f\u00fchren wir erfolgreich in Polen und in L\u00e4ndern der Europ\u00e4ischen Union Vorfertigungs-, Montage- und Ausf\u00fchrungsarbeiten durch. Wir sind ein verl\u00e4sslicher Gesch\u00e4ftspartner. Die Kontinuit\u00e4t der Zusammenarbeit mit unseren Kunden spricht f\u00fcr die Arbeitsqualit\u00e4t unserer Mannschaft. Wir behandeln unsere Vertragspartner immer als Gesch\u00e4ftspartner und streben eine langfristige Zusammenarbeit mit ihnen an. In den letzten Jahren habe wir vor allem in Deutschland aber auch in Tschechien, Frankreich und Belgien Vorfertigungs-, Fertigungs- und Montageauftr\u00e4ge durchgef\u00fchrt. Die Arbeiten realisieren wir im Rahmen des Werkvertrages sowie im Rahmen der Arbeitnehmer\u00fcberlassung. Um an unseren Kunden n\u00e4her zu sein, f\u00fchren wir seit vielen Jahren ein technisches B\u00fcro in Neuss in Deutschland (Niederlassung Deutschland = Branch Office Germany).<\/p>\n<p>[\/vc_column_text][vc_column_text css=&#8220;.vc_custom_1524662491964{padding-top: 10px !important;}&#8220;]<\/p>\n<p style=\"text-align: center; text-transform: uppercase;\"><strong><span style=\"color: #2b6386;\">GESCH\u00c4FTSBEREICHE IN DENEN WIR T\u00c4TIG SIND UND IHR PARTNER SEIN K\u00d6NNEN:<\/span><\/strong><\/p>\n<p>[\/vc_column_text][vc_row_inner][vc_column_inner width=&#8220;1\/2&#8243;]<div class=\"aio-icon-component  vc_custom_1524662502200   style_1\"><div id=\"Info-box-wrap-8147\" class=\"aio-icon-box left-icon\" style=\"\"  ><div class=\"aio-icon-left\"><div class=\"ult-just-icon-wrapper  \"><div class=\"align-icon\" style=\"text-align:center;\">\n<div class=\"aio-icon-img \" style=\"font-size:24px;display:inline-block;\" >\n\t<img class=\"img-icon\" alt=\"null\" src=\"https:\/\/industry.vimex.eu\/wp-content\/uploads\/2018\/04\/ikona1.png\"\/>\n<\/div><\/div><\/div><\/div><div class=\"aio-ibd-block\"><div class=\"aio-icon-description ult-responsive\"  data-ultimate-target='#Info-box-wrap-8147 .aio-icon-description'  data-responsive-json-new='{\"font-size\":\"\",\"line-height\":\"\"}'  style=\"\">Vorfertigung und Montage von Stahlkonstruktionen<\/div> <!-- description --><\/div> <!-- aio-ibd-block --><\/div> <!-- aio-icon-box --><\/div> <!-- aio-icon-component --><div class=\"aio-icon-component  vc_custom_1524662514316   style_1\"><div id=\"Info-box-wrap-4184\" class=\"aio-icon-box left-icon\" style=\"\"  ><div class=\"aio-icon-left\"><div class=\"ult-just-icon-wrapper  \"><div class=\"align-icon\" style=\"text-align:center;\">\n<div class=\"aio-icon-img \" style=\"font-size:24px;display:inline-block;\" >\n\t<img class=\"img-icon\" alt=\"null\" src=\"https:\/\/industry.vimex.eu\/wp-content\/uploads\/2018\/04\/ikona9.png\"\/>\n<\/div><\/div><\/div><\/div><div class=\"aio-ibd-block\"><div class=\"aio-icon-description ult-responsive\"  data-ultimate-target='#Info-box-wrap-4184 .aio-icon-description'  data-responsive-json-new='{\"font-size\":\"\",\"line-height\":\"\"}'  style=\"\">Maschinenbau\u00a0 (Vorfertigung und Montage von Komponenten f\u00fcr Industrieanlagen)<\/div> <!-- description --><\/div> <!-- aio-ibd-block --><\/div> <!-- aio-icon-box --><\/div> <!-- aio-icon-component --><div class=\"aio-icon-component  vc_custom_1524662524382   style_1\"><div id=\"Info-box-wrap-9091\" class=\"aio-icon-box left-icon\" style=\"\"  ><div class=\"aio-icon-left\"><div class=\"ult-just-icon-wrapper  \"><div class=\"align-icon\" style=\"text-align:center;\">\n<div class=\"aio-icon-img \" style=\"font-size:24px;display:inline-block;\" >\n\t<img class=\"img-icon\" alt=\"null\" src=\"https:\/\/industry.vimex.eu\/wp-content\/uploads\/2018\/04\/ikona4.png\"\/>\n<\/div><\/div><\/div><\/div><div class=\"aio-ibd-block\"><div class=\"aio-icon-description ult-responsive\"  data-ultimate-target='#Info-box-wrap-9091 .aio-icon-description'  data-responsive-json-new='{\"font-size\":\"\",\"line-height\":\"\"}'  style=\"\">Reparaturen und Montage von mechanischen und hydraulischen Ger\u00e4ten<\/div> <!-- description --><\/div> <!-- aio-ibd-block --><\/div> <!-- aio-icon-box --><\/div> <!-- aio-icon-component --><div class=\"aio-icon-component  vc_custom_1524662535378   style_1\"><div id=\"Info-box-wrap-9976\" class=\"aio-icon-box left-icon\" style=\"\"  ><div class=\"aio-icon-left\"><div class=\"ult-just-icon-wrapper  \"><div class=\"align-icon\" style=\"text-align:center;\">\n<div class=\"aio-icon-img \" style=\"font-size:24px;display:inline-block;\" >\n\t<img class=\"img-icon\" alt=\"null\" src=\"https:\/\/industry.vimex.eu\/wp-content\/uploads\/2018\/04\/ikona2.png\"\/>\n<\/div><\/div><\/div><\/div><div class=\"aio-ibd-block\"><div class=\"aio-icon-description ult-responsive\"  data-ultimate-target='#Info-box-wrap-9976 .aio-icon-description'  data-responsive-json-new='{\"font-size\":\"\",\"line-height\":\"\"}'  style=\"\">Leichte Stahlkonstruktionen (inklusive Aluminium- und Edelstahlkonstruktionen)<\/div> <!-- description --><\/div> <!-- aio-ibd-block --><\/div> <!-- aio-icon-box --><\/div> <!-- aio-icon-component -->[\/vc_column_inner][vc_column_inner width=&#8220;1\/2&#8243;]<div class=\"aio-icon-component  vc_custom_1524662553458   style_1\"><div id=\"Info-box-wrap-1385\" class=\"aio-icon-box left-icon\" style=\"\"  ><div class=\"aio-icon-left\"><div class=\"ult-just-icon-wrapper  \"><div class=\"align-icon\" style=\"text-align:center;\">\n<div class=\"aio-icon-img \" style=\"font-size:24px;display:inline-block;\" >\n\t<img class=\"img-icon\" alt=\"null\" src=\"https:\/\/industry.vimex.eu\/wp-content\/uploads\/2018\/04\/ikona6.png\"\/>\n<\/div><\/div><\/div><\/div><div class=\"aio-ibd-block\"><div class=\"aio-icon-description ult-responsive\"  data-ultimate-target='#Info-box-wrap-1385 .aio-icon-description'  data-responsive-json-new='{\"font-size\":\"\",\"line-height\":\"\"}'  style=\"\">Mechanische Bearbeitung (Drehen \/ Fr\u00e4sen mit CNC Fr\u00e4sen)<\/div> <!-- description --><\/div> <!-- aio-ibd-block --><\/div> <!-- aio-icon-box --><\/div> <!-- aio-icon-component --><div class=\"aio-icon-component  vc_custom_1524662563400   style_1\"><div id=\"Info-box-wrap-9626\" class=\"aio-icon-box left-icon\" style=\"\"  ><div class=\"aio-icon-left\"><div class=\"ult-just-icon-wrapper  \"><div class=\"align-icon\" style=\"text-align:center;\">\n<div class=\"aio-icon-img \" style=\"font-size:24px;display:inline-block;\" >\n\t<img class=\"img-icon\" alt=\"null\" src=\"https:\/\/industry.vimex.eu\/wp-content\/uploads\/2018\/04\/ikona7.png\"\/>\n<\/div><\/div><\/div><\/div><div class=\"aio-ibd-block\"><div class=\"aio-icon-description ult-responsive\"  data-ultimate-target='#Info-box-wrap-9626 .aio-icon-description'  data-responsive-json-new='{\"font-size\":\"\",\"line-height\":\"\"}'  style=\"\">Montage von Industrieanlagen<\/div> <!-- description --><\/div> <!-- aio-ibd-block --><\/div> <!-- aio-icon-box --><\/div> <!-- aio-icon-component --><div class=\"aio-icon-component  vc_custom_1524662579992   style_1\"><div id=\"Info-box-wrap-8023\" class=\"aio-icon-box left-icon\" style=\"\"  ><div class=\"aio-icon-left\"><div class=\"ult-just-icon-wrapper  \"><div class=\"align-icon\" style=\"text-align:center;\">\n<div class=\"aio-icon-img \" style=\"font-size:24px;display:inline-block;\" >\n\t<img class=\"img-icon\" alt=\"null\" src=\"https:\/\/industry.vimex.eu\/wp-content\/uploads\/2018\/04\/ikona8.png\"\/>\n<\/div><\/div><\/div><\/div><div class=\"aio-ibd-block\"><div class=\"aio-icon-description ult-responsive\"  data-ultimate-target='#Info-box-wrap-8023 .aio-icon-description'  data-responsive-json-new='{\"font-size\":\"\",\"line-height\":\"\"}'  style=\"\">Feinmechanik<\/div> <!-- description --><\/div> <!-- aio-ibd-block --><\/div> <!-- aio-icon-box --><\/div> <!-- aio-icon-component --><div class=\"aio-icon-component  vc_custom_1524662587888   style_1\"><div id=\"Info-box-wrap-3956\" class=\"aio-icon-box left-icon\" style=\"\"  ><div class=\"aio-icon-left\"><div class=\"ult-just-icon-wrapper  \"><div class=\"align-icon\" style=\"text-align:center;\">\n<div class=\"aio-icon-img \" style=\"font-size:24px;display:inline-block;\" >\n\t<img class=\"img-icon\" alt=\"null\" src=\"https:\/\/industry.vimex.eu\/wp-content\/uploads\/2018\/04\/IKONA55.png\"\/>\n<\/div><\/div><\/div><\/div><div class=\"aio-ibd-block\"><div class=\"aio-icon-description ult-responsive\"  data-ultimate-target='#Info-box-wrap-3956 .aio-icon-description'  data-responsive-json-new='{\"font-size\":\"\",\"line-height\":\"\"}'  style=\"\">Spanbearbeitung inklusive CNC-Maschinen, \u00a0CNC-Programmierung (Dreh- und Fr\u00e4sarbeiten)<\/div> <!-- description --><\/div> <!-- aio-ibd-block --><\/div> <!-- aio-icon-box --><\/div> <!-- aio-icon-component -->[\/vc_column_inner][\/vc_row_inner][\/vc_column][\/vc_row][vc_row type=&#8220;full-width-section&#8220; css=&#8220;.vc_custom_1523436323124{padding-top: 20px !important;padding-bottom: 20px !important;background-color: #efefef !important;}&#8220;][vc_column][vc_column_text css=&#8220;.vc_custom_1524662612970{margin-bottom: 20px !important;}&#8220;]<\/p>\n<p style=\"text-align: center; text-transform: uppercase;\">IN EINEM PERS\u00d6NLICHEN GESPR\u00c4CH K\u00d6NNEN WIR BEI BEDARF REFERENZEN VORLEGEN. SOLLTEN SIE AN EINER ZUSAMMENARBEIT INTERESSIERT SEIN, FREUEN WIR UNS \u00dcBER IHREN ANRUF ODER EINE NACHRICHT.<\/p>\n<p>[\/vc_column_text][vc_column_text]<\/p>\n<p style=\"text-align: center; font-size: 20px; line-height: 30px;\"><strong>PL <a href=\"tel:0048322308682\">+48 32 230 86 82<\/a> | <\/strong><strong>DE <a href=\"tel:004921313652980\">+49 2131 3652980<\/a><\/strong><br \/>\n<a href=\"mailto:office@vimex.eu\"><strong>office@vimex.eu<\/strong><\/a><\/p>\n<p>[\/vc_column_text][\/vc_column][\/vc_row][vc_row][vc_column][vc_single_image image=&#8220;79&#8243; img_size=&#8220;full&#8220; alignment=&#8220;center&#8220; css=&#8220;.vc_custom_1522849506424{margin-bottom: 0px !important;}&#8220;][vc_column_text]<\/p>\n<h4 style=\"text-align: center;\">Projekt, kofinanziert von der Europ\u00e4ischen Union aus dem Europ\u00e4ischen Fonds f\u00fcr regionale Entwicklung im Rahmen des Regionalprogramms<br \/>\nOperationsprogramm der Woiwodschaft \u015al\u0105skie f\u00fcr die Jahre 2007-2013<\/h4>\n<p>[\/vc_column_text][\/vc_column][\/vc_row]<\/p>\n","protected":false},"excerpt":{"rendered":"<p>[vc_row type=&#8220;full-width-section&#8220; css=&#8220;.vc_custom_1524662457220{padding-top: 40px !important;padding-bottom: 20px !important;background-image: url(http:\/\/industry.vimex.eu\/wp-content\/uploads\/2018\/04\/title-bar.jpg?id=87) !important;}&#8220;][vc_column][vc_column_text css=&#8220;.vc_custom_1524662655186{margin-bottom: 0px !important;padding-bottom: 20px !important;}&#8220;] \u00dcber uns [\/vc_column_text][\/vc_column][\/vc_row][vc_row][vc_column][vc_column_text css=&#8220;.vc_custom_1526279690808{padding-top: 20px !important;}&#8220;] Sehr geehrte Damen und Herren, Seit fast 20 Jahren f\u00fchren wir erfolgreich in Polen und in L\u00e4ndern der Europ\u00e4ischen Union Vorfertigungs-, Montage- und Ausf\u00fchrungsarbeiten durch. Wir sind ein verl\u00e4sslicher Gesch\u00e4ftspartner. Die Kontinuit\u00e4t der Zusammenarbeit mit<br \/><a href=\"https:\/\/industry.vimex.eu\/de\/ueber-uns\/\" class=\"more\">Read more<\/a><\/p>\n","protected":false},"author":7,"featured_media":0,"parent":0,"menu_order":0,"comment_status":"closed","ping_status":"closed","template":"","meta":[],"_links":{"self":[{"href":"https:\/\/industry.vimex.eu\/de\/wp-json\/wp\/v2\/pages\/203"}],"collection":[{"href":"https:\/\/industry.vimex.eu\/de\/wp-json\/wp\/v2\/pages"}],"about":[{"href":"https:\/\/industry.vimex.eu\/de\/wp-json\/wp\/v2\/types\/page"}],"author":[{"embeddable":true,"href":"https:\/\/industry.vimex.eu\/de\/wp-json\/wp\/v2\/users\/7"}],"replies":[{"embeddable":true,"href":"https:\/\/industry.vimex.eu\/de\/wp-json\/wp\/v2\/comments?post=203"}],"version-history":[{"count":13,"href":"https:\/\/industry.vimex.eu\/de\/wp-json\/wp\/v2\/pages\/203\/revisions"}],"predecessor-version":[{"id":736,"href":"https:\/\/industry.vimex.eu\/de\/wp-json\/wp\/v2\/pages\/203\/revisions\/736"}],"wp:attachment":[{"href":"https:\/\/industry.vimex.eu\/de\/wp-json\/wp\/v2\/media?parent=203"}],"curies":[{"name":"wp","href":"https:\/\/api.w.org\/{rel}","templated":true}]}}